{"id":3531,"date":"2022-07-14T07:11:50","date_gmt":"2022-07-14T07:11:50","guid":{"rendered":"https:\/\/berlinusk.org\/?page_id=3531"},"modified":"2025-01-27T20:31:51","modified_gmt":"2025-01-27T18:31:51","slug":"mitmachen","status":"publish","type":"page","link":"https:\/\/berlinusk.org\/en\/mitmachen\/","title":{"rendered":"join us!"},"content":{"rendered":"\n<p><\/p>\n\n\n<h2>zusammen zeichnen<\/h2>\n<p>Zu unseren Zeichentreffen kann jeder einfach kommen. Es gibt keinen regelm\u00e4\u00dfigen Termin, <a href=\"\/zeichentreffen\/\">aktuelle Treffen sind hier\u00a0zu finden.<\/a> Au\u00dferdem gibt es unsere <a href=\"https:\/\/www.facebook.com\/groups\/urbansketchersberlin\" target=\"_blank\" rel=\"noopener\">Facebook-Gruppe<\/a>, in der ebenfalls Treffen angek\u00fcndigt und auch von allen Mitgliedern selbst angeregt werden k\u00f6nnen. Hier kannst Du uns am einfachsten kennenlernen, Deine Zeichnungen zeigen und spontan mitmachen!<\/p>\n<p>Du bist nicht in Berlin oder willst verreisen? <a href=\"\/usk-gruppen-de\/\">Hier findest Du eine Liste von Urbansketcher-Gruppen aus Deutschland und Umgebung.<\/a><\/p>\n<p>Eine <a href=\"https:\/\/urbansketchers.org\/where-we-sketch\/#map\" target=\"_blank\" rel=\"noopener\">Karte mit Gruppen auf der ganzen Welt ist hier.<\/a><\/p>\n\n\n<h2 class=\"wp-block-heading\">Info abonnieren<\/h2>\n\n\n\n<p>Benachrichtigung zu neuen Zeichentreffen<\/p>\n\n\n<div class=\"emaillist\" id=\"es_form_f1-n1\"><form action=\"\/en\/wp-json\/wp\/v2\/pages\/3531#es_form_f1-n1\" method=\"post\" class=\"es_subscription_form es_shortcode_form  es_ajax_subscription_form\" id=\"es_subscription_form_69f44f8437a55\" data-source=\"ig-es\" data-form-id=\"1\"><input type=\"hidden\" name=\"esfpx_form_id\" value=\"1\" \/><input type=\"hidden\" name=\"esfpx_lists[]\" value=\"89b96cea6b94\" \/><input type=\"hidden\" name=\"es\" value=\"subscribe\" \/>\n\t\t\t<input type=\"hidden\" name=\"esfpx_es_form_identifier\" value=\"f1-n1\" \/>\n\t\t\t<input type=\"hidden\" name=\"esfpx_es_email_page\" value=\"3531\" \/>\n\t\t\t<input type=\"hidden\" name=\"esfpx_es_email_page_url\" value=\"https:\/\/berlinusk.org\/en\/mitmachen\/\" \/>\n\t\t\t<input type=\"hidden\" name=\"esfpx_status\" value=\"Unconfirmed\" \/>\n\t\t\t<input type=\"hidden\" name=\"esfpx_es-subscribe\" id=\"es-subscribe-69f44f8437a55\" value=\"0e83ca0e61\" \/>\n\t\t\t<label style=\"position:absolute;top:-99999px;left:-99999px;z-index:-99;\" aria-hidden=\"true\"><span hidden>Please leave this field empty.<\/span><input type=\"email\" name=\"esfpx_es_hp_email\" class=\"es_required_field\" tabindex=\"-1\" autocomplete=\"-1\" value=\"\" \/><\/label><style>form.es_subscription_form[data-form-id=\"1\"] * { box-sizing: border-box; } body {margin: 0;}#iv1r{width:100%;}#esfpx_name_0fe74ada6116e{font-size:16px;icon-size:40px;}#esfpx_email_0fe74ada6116e{font-size:16px;icon-size:40%;}#iiajp{font-size:17.2004px;}#isw3m{width:100%;height:40px;font-size:16px;font-weight:700;color:#ffffff;background-color:#4da1b2;border:0 outset rgb(0, 0, 0);}form[data-form-id=\"1\"] .es-form-field-container .gjs-row{display:flex;justify-content:flex-start;align-items:stretch;flex-wrap:nowrap;}form[data-form-id=\"1\"] .es-form-field-container .gjs-cell{flex-grow:1;flex-basis:100%;}form[data-form-id=\"1\"] .es-form-field-container .gjs-cell[data-highlightable=\"1\"]:empty{border-top-width:1px;border-right-width:1px;border-bottom-width:1px;border-left-width:1px;border-top-style:dashed;border-right-style:dashed;border-bottom-style:dashed;border-left-style:dashed;border-top-color:rgb(204, 204, 204);border-right-color:rgb(204, 204, 204);border-bottom-color:rgb(204, 204, 204);border-left-color:rgb(204, 204, 204);border-image-source:initial;border-image-slice:initial;border-image-width:initial;border-image-outset:initial;border-image-repeat:initial;height:30px;}form[data-form-id=\"1\"] .es-form-field-container .gjs-row .gjs-cell input[type=\"checkbox\"], form[data-form-id=\"1\"] .es-form-field-container .gjs-row .gjs-cell input[type=\"radio\"]{margin-top:0px;margin-right:5px;margin-bottom:0px;margin-left:0px;width:auto;}form[data-form-id=\"1\"] .es-form-field-container .gjs-row{margin-bottom:0.6em;}form[data-form-id=\"1\"] .es-form-field-container label.es-field-label{display:block;}@media (max-width: 320px){form[data-form-id=\"1\"] .es-form-field-container{padding-top:1rem;padding-right:1rem;padding-bottom:1rem;padding-left:1rem;}}<\/style><div id=\"iv1r\" class=\"es-form-field-container\"><div class=\"gjs-row\"><div class=\"gjs-cell\"><label for=\"esfpx_name_0fe74ada6116e\" class=\"es-field-label\">Name<\/label><input type=\"text\" name=\"esfpx_name\" autocomplete=\"off\" placeholder=\"Enter your name\" class=\"es-name\" id=\"esfpx_name_0fe74ada6116e\" \/><\/div><\/div><div class=\"gjs-row\"><div class=\"gjs-cell\"><label for=\"esfpx_email_0fe74ada6116e\" class=\"es-field-label\">Email<\/label><input type=\"email\" required class=\"es-email\" name=\"esfpx_email\" autocomplete=\"off\" placeholder=\"Enter your email\" id=\"esfpx_email_0fe74ada6116e\" \/><\/div><\/div><div class=\"gjs-row\"><div class=\"gjs-cell\"><label title=\"\" class=\"es-field-label\"><input type=\"checkbox\" required=\"required\" name=\"es_gdpr_consent\" value=\"true\" \/><span id=\"iiajp\">* Bitte stimme unseren <a href=\"\/privacy-policy-2\/\" class=\"link\">Bedingungen<\/a> zu | please accept our <a href=\"\/privacy-policy-2\/#ds_en\" class=\"link\">terms and conditions<\/a>.<\/span><\/label><div class=\"es_gdpr\"><\/div><\/div><\/div><div class=\"gjs-row\"><div class=\"gjs-cell\"><input type=\"submit\" name=\"submit\" value=\"Abonnieren | Subscribe\" required id=\"isw3m\" \/><\/div><\/div><\/div><span class=\"es_spinner_image\" id=\"spinner-image\"><img decoding=\"async\" src=\"https:\/\/berlinusk.org\/wp-content\/plugins\/email-subscribers\/lite\/public\/images\/spinner.gif\" alt=\"Loading\" \/><\/span><\/form><span class=\"es_subscription_message \" id=\"es_subscription_message_69f44f8437a55\" role=\"alert\" aria-live=\"assertive\"><\/span><\/div>\n\n\n\n<p><\/p>\n\n\n\n<p><\/p>\n","protected":false},"excerpt":{"rendered":"<p>zusammen zeichnen Zu unseren Zeichentreffen kann jeder einfach kommen. Es gibt keinen regelm\u00e4\u00dfigen Termin, aktuelle Treffen sind hier\u00a0zu finden. Au\u00dferdem gibt es unsere Facebook-Gruppe, in der ebenfalls Treffen angek\u00fcndigt und auch von allen Mitgliedern selbst angeregt werden k\u00f6nnen. Hier kannst Du uns am einfachsten kennenlernen, Deine Zeichnungen zeigen und spontan mitmachen! Du bist nicht in [&hellip;]<\/p>\n","protected":false},"author":1,"featured_media":0,"parent":0,"menu_order":0,"comment_status":"closed","ping_status":"closed","template":"","meta":{"footnotes":""},"class_list":["post-3531","page","type-page","status-publish","hentry"],"mb":[],"mfb_rest_fields":["title"],"post_mailing_queue_ids":[],"_links":{"self":[{"href":"https:\/\/berlinusk.org\/en\/wp-json\/wp\/v2\/pages\/3531","targetHints":{"allow":["GET"]}}],"collection":[{"href":"https:\/\/berlinusk.org\/en\/wp-json\/wp\/v2\/pages"}],"about":[{"href":"https:\/\/berlinusk.org\/en\/wp-json\/wp\/v2\/types\/page"}],"author":[{"embeddable":true,"href":"https:\/\/berlinusk.org\/en\/wp-json\/wp\/v2\/users\/1"}],"replies":[{"embeddable":true,"href":"https:\/\/berlinusk.org\/en\/wp-json\/wp\/v2\/comments?post=3531"}],"version-history":[{"count":9,"href":"https:\/\/berlinusk.org\/en\/wp-json\/wp\/v2\/pages\/3531\/revisions"}],"predecessor-version":[{"id":17269,"href":"https:\/\/berlinusk.org\/en\/wp-json\/wp\/v2\/pages\/3531\/revisions\/17269"}],"wp:attachment":[{"href":"https:\/\/berlinusk.org\/en\/wp-json\/wp\/v2\/media?parent=3531"}],"curies":[{"name":"wp","href":"https:\/\/api.w.org\/{rel}","templated":true}]}}